{"id":820,"date":"2023-12-27T16:37:46","date_gmt":"2023-12-27T22:37:46","guid":{"rendered":"https:\/\/tsukisgarden.com\/index.php\/producto\/post-its-con-regla\/"},"modified":"2024-02-17T14:37:36","modified_gmt":"2024-02-17T20:37:36","slug":"post-its-con-regla","status":"publish","type":"product","link":"https:\/\/tsukisgarden.com\/index.php\/producto\/post-its-con-regla\/","title":{"rendered":"Mini Post its \u00abBoba cats\u00bb"},"content":{"rendered":"<p>Organiza tus ideas con encanto felino con nuestros mini Post-it con regla \u00abBoba cats\u00bb \ud83d\udc31\ud83e\udd64 Cada regla incluye de 5 a 6 mini Post-it para mantener tus pensamientos ordenados \ud83d\udd8b<\/p>\n<p>El dise\u00f1o gatitos agrega un toque de diversi\u00f3n y dulzura a tus notas diarias. La regla incorporada facilita la medici\u00f3n y marca en tus documentos, mientras que los mini Post-it son ideales para resaltar informaci\u00f3n importante o dejar recordatorios \ud83d\udca1<\/p>\n<p>Ya sea en la oficina, en la escuela o en casa, este set pr\u00e1ctico y adorable es perfecto para aquellos que aman la funcionalidad con un toque de ternura. \u00a1Haz que tu organizaci\u00f3n diaria sea m\u00e1s alegre con estos mini Post-it de gatitos y su regla incorporada!<\/p>\n","protected":false},"excerpt":{"rendered":"<p>Mini Post-it con regla \u00abBoba cats\u00bb \ud83d\udc31\ud83e\udd64<\/p>\n<p>Incluye de 5 a 6 mini Post-it por cada regla<\/p>\n<p>* Se env\u00eda 1 dise\u00f1o aleatorio<\/p>\n","protected":false},"featured_media":978,"template":"","meta":[],"product_brand":[],"product_cat":[46,58],"product_tag":[],"class_list":{"0":"post-820","1":"product","2":"type-product","3":"status-publish","4":"has-post-thumbnail","6":"product_cat-para-ti","7":"product_cat-libreria","9":"first","10":"instock","11":"shipping-taxable","12":"purchasable","13":"product-type-simple"},"_links":{"self":[{"href":"https:\/\/tsukisgarden.com\/index.php\/wp-json\/wp\/v2\/product\/820","targetHints":{"allow":["GET"]}}],"collection":[{"href":"https:\/\/tsukisgarden.com\/index.php\/wp-json\/wp\/v2\/product"}],"about":[{"href":"https:\/\/tsukisgarden.com\/index.php\/wp-json\/wp\/v2\/types\/product"}],"wp:featuredmedia":[{"embeddable":true,"href":"https:\/\/tsukisgarden.com\/index.php\/wp-json\/wp\/v2\/media\/978"}],"wp:attachment":[{"href":"https:\/\/tsukisgarden.com\/index.php\/wp-json\/wp\/v2\/media?parent=820"}],"wp:term":[{"taxonomy":"product_brand","embeddable":true,"href":"https:\/\/tsukisgarden.com\/index.php\/wp-json\/wp\/v2\/product_brand?post=820"},{"taxonomy":"product_cat","embeddable":true,"href":"https:\/\/tsukisgarden.com\/index.php\/wp-json\/wp\/v2\/product_cat?post=820"},{"taxonomy":"product_tag","embeddable":true,"href":"https:\/\/tsukisgarden.com\/index.php\/wp-json\/wp\/v2\/product_tag?post=820"}],"curies":[{"name":"wp","href":"https:\/\/api.w.org\/{rel}","templated":true}]}}