{"id":811,"date":"2023-12-27T16:37:43","date_gmt":"2023-12-27T22:37:43","guid":{"rendered":"https:\/\/tsukisgarden.com\/index.php\/producto\/pad-para-lamer\/"},"modified":"2024-02-17T14:40:03","modified_gmt":"2024-02-17T20:40:03","slug":"pad-para-lamer","status":"publish","type":"product","link":"https:\/\/tsukisgarden.com\/index.php\/producto\/pad-para-lamer\/","title":{"rendered":"Tapete para lamer"},"content":{"rendered":"<p>Introduce un nivel adicional de diversi\u00f3n y estimulaci\u00f3n para tu mascota con nuestro tapete para lamer en un vibrante color rojo. Este innovador accesorio, fabricado en silicona de alta calidad, est\u00e1 dise\u00f1ado para proporcionar entretenimiento y beneficios para tu mascota \ud83d\udc31\ud83d\udc36<\/p>\n<p>Las ventosas en la parte posterior del tapete permiten un ajuste f\u00e1cil y seguro a cualquier superficie lisa, como suelos de azulejos o vidrio. Perfecto para usar durante la hora de la comida o como una actividad independiente, el tapete para lamer es una manera efectiva de ofrecer estimulaci\u00f3n mental y f\u00edsica a tu mascota.<\/p>\n<p>Hecho de silicona duradera, este tapete es resistente y f\u00e1cil de limpiar. Su dise\u00f1o circular y compacto lo hace ideal para espacios peque\u00f1os y para llevarlo contigo en tus viajes con tu mascota \ud83d\ude97<\/p>\n","protected":false},"excerpt":{"rendered":"<p>Tapete para lamer en color rojo<\/p>\n<p>Material: Silicona<\/p>\n<p>Medidas: 15 x 15 cm<\/p>\n<p>Se ajusta f\u00e1cilmente con ventosas a cualquier superficie<\/p>\n","protected":false},"featured_media":936,"template":"","meta":[],"product_brand":[],"product_cat":[23,24,26,27],"product_tag":[],"class_list":{"0":"post-811","1":"product","2":"type-product","3":"status-publish","4":"has-post-thumbnail","6":"product_cat-gato","7":"product_cat-cuidadoysalud","8":"product_cat-perro","9":"product_cat-cuidadoysalud-perro","11":"first","12":"instock","13":"shipping-taxable","14":"purchasable","15":"product-type-simple"},"_links":{"self":[{"href":"https:\/\/tsukisgarden.com\/index.php\/wp-json\/wp\/v2\/product\/811","targetHints":{"allow":["GET"]}}],"collection":[{"href":"https:\/\/tsukisgarden.com\/index.php\/wp-json\/wp\/v2\/product"}],"about":[{"href":"https:\/\/tsukisgarden.com\/index.php\/wp-json\/wp\/v2\/types\/product"}],"wp:featuredmedia":[{"embeddable":true,"href":"https:\/\/tsukisgarden.com\/index.php\/wp-json\/wp\/v2\/media\/936"}],"wp:attachment":[{"href":"https:\/\/tsukisgarden.com\/index.php\/wp-json\/wp\/v2\/media?parent=811"}],"wp:term":[{"taxonomy":"product_brand","embeddable":true,"href":"https:\/\/tsukisgarden.com\/index.php\/wp-json\/wp\/v2\/product_brand?post=811"},{"taxonomy":"product_cat","embeddable":true,"href":"https:\/\/tsukisgarden.com\/index.php\/wp-json\/wp\/v2\/product_cat?post=811"},{"taxonomy":"product_tag","embeddable":true,"href":"https:\/\/tsukisgarden.com\/index.php\/wp-json\/wp\/v2\/product_tag?post=811"}],"curies":[{"name":"wp","href":"https:\/\/api.w.org\/{rel}","templated":true}]}}