{"id":784,"date":"2023-12-27T16:37:35","date_gmt":"2023-12-27T22:37:35","guid":{"rendered":"https:\/\/tsukisgarden.com\/index.php\/producto\/cortaunas\/"},"modified":"2024-02-17T14:44:24","modified_gmt":"2024-02-17T20:44:24","slug":"cortaunas","status":"publish","type":"product","link":"https:\/\/tsukisgarden.com\/index.php\/producto\/cortaunas\/","title":{"rendered":"Cortau\u00f1as"},"content":{"rendered":"<p>Facilita el cuidado de las u\u00f1as de tu mascota con nuestro corta u\u00f1as dise\u00f1ado especialmente para perros y gatos \ud83d\udc36\ud83d\udc31 Con un pr\u00e1ctico graduador de grosor, podr\u00e1s adaptar el corte seg\u00fan las necesidades espec\u00edficas de las u\u00f1as de tu mascota, asegurando una experiencia c\u00f3moda y segura.<\/p>\n<p>Este set incluye tambi\u00e9n una lima que te permite suavizar cualquier irregularidad despu\u00e9s del corte, manteniendo las u\u00f1as de tu mascota en condiciones \u00f3ptimas. La seguridad es nuestra prioridad, por lo que el dise\u00f1o ergon\u00f3mico del corta u\u00f1as proporciona un agarre firme y preciso, minimizando el riesgo de cortes accidentales.<\/p>\n<p>Disponible en dos colores vibrantes: <strong>rosa y azul<\/strong>, para adaptarse al estilo de tu mascota.<\/p>\n","protected":false},"excerpt":{"rendered":"<p>Corta u\u00f1as para mascotas con graduador de grosor y lima incluida \ud83d\udc36\ud83d\udc31<\/p>\n<p>Disponible en color <strong>rosa y azul\u00a0<\/strong><\/p>\n","protected":false},"featured_media":851,"template":"","meta":[],"product_brand":[],"product_cat":[23,24,26,27],"product_tag":[],"class_list":{"0":"post-784","1":"product","2":"type-product","3":"status-publish","4":"has-post-thumbnail","6":"product_cat-gato","7":"product_cat-cuidadoysalud","8":"product_cat-perro","9":"product_cat-cuidadoysalud-perro","11":"first","12":"instock","13":"shipping-taxable","14":"purchasable","15":"product-type-variable"},"_links":{"self":[{"href":"https:\/\/tsukisgarden.com\/index.php\/wp-json\/wp\/v2\/product\/784","targetHints":{"allow":["GET"]}}],"collection":[{"href":"https:\/\/tsukisgarden.com\/index.php\/wp-json\/wp\/v2\/product"}],"about":[{"href":"https:\/\/tsukisgarden.com\/index.php\/wp-json\/wp\/v2\/types\/product"}],"wp:featuredmedia":[{"embeddable":true,"href":"https:\/\/tsukisgarden.com\/index.php\/wp-json\/wp\/v2\/media\/851"}],"wp:attachment":[{"href":"https:\/\/tsukisgarden.com\/index.php\/wp-json\/wp\/v2\/media?parent=784"}],"wp:term":[{"taxonomy":"product_brand","embeddable":true,"href":"https:\/\/tsukisgarden.com\/index.php\/wp-json\/wp\/v2\/product_brand?post=784"},{"taxonomy":"product_cat","embeddable":true,"href":"https:\/\/tsukisgarden.com\/index.php\/wp-json\/wp\/v2\/product_cat?post=784"},{"taxonomy":"product_tag","embeddable":true,"href":"https:\/\/tsukisgarden.com\/index.php\/wp-json\/wp\/v2\/product_tag?post=784"}],"curies":[{"name":"wp","href":"https:\/\/api.w.org\/{rel}","templated":true}]}}