{"id":571,"date":"2023-12-19T17:45:31","date_gmt":"2023-12-19T23:45:31","guid":{"rendered":"https:\/\/tsukisgarden.com\/?post_type=product&#038;p=571"},"modified":"2024-01-11T18:33:08","modified_gmt":"2024-01-12T00:33:08","slug":"catnip","status":"publish","type":"product","link":"https:\/\/tsukisgarden.com\/index.php\/producto\/catnip\/","title":{"rendered":"Catnip"},"content":{"rendered":"<p>Consiente a tu gato con nuestro catnip org\u00e1nico deshidratado \ud83c\udf3f\ud83d\udc31 presentado en un conveniente sobre de 0.20 onzas. Esta hierba de alta calidad proporciona a tu felino una experiencia estimulante y placentera.<\/p>\n<p>El catnip, tambi\u00e9n conocido como hierba gatera, es completamente natural. Su deshidrataci\u00f3n preserva su frescura y potencia sus beneficios, asegurando que cada sesi\u00f3n de juego sea irresistible para tu mascota \u2728 \u00a1Una pizca de esta irresistible menta de gato brinda muchos beneficios!<\/p>\n<p>Simplemente esparce el catnip en juguetes, rascadores o cualquier \u00e1rea de juego para crear un ambiente enriquecedor y divertido para tu gato. Observa c\u00f3mo tu gato se deleita y disfruta de momentos de diversi\u00f3n y felicidad gracias a este catnip org\u00e1nico de calidad premium. \u00a1Haz que la diversi\u00f3n sea natural para tu peludo amigo!<\/p>\n","protected":false},"excerpt":{"rendered":"<p>Catnip org\u00e1nico deshidratado \ud83d\udc31\ud83c\udf3f<\/p>\n<p>Sobre de 0.20 onzas<\/p>\n<p>\u00a1Mima a tu gato con esta hierba irresistible! \u2728<\/p>\n","protected":false},"featured_media":902,"template":"","meta":[],"product_brand":[],"product_cat":[23,24,49],"product_tag":[],"class_list":{"0":"post-571","1":"product","2":"type-product","3":"status-publish","4":"has-post-thumbnail","6":"product_cat-gato","7":"product_cat-cuidadoysalud","8":"product_cat-juguetes","10":"first","11":"instock","12":"shipping-taxable","13":"purchasable","14":"product-type-simple"},"_links":{"self":[{"href":"https:\/\/tsukisgarden.com\/index.php\/wp-json\/wp\/v2\/product\/571","targetHints":{"allow":["GET"]}}],"collection":[{"href":"https:\/\/tsukisgarden.com\/index.php\/wp-json\/wp\/v2\/product"}],"about":[{"href":"https:\/\/tsukisgarden.com\/index.php\/wp-json\/wp\/v2\/types\/product"}],"wp:featuredmedia":[{"embeddable":true,"href":"https:\/\/tsukisgarden.com\/index.php\/wp-json\/wp\/v2\/media\/902"}],"wp:attachment":[{"href":"https:\/\/tsukisgarden.com\/index.php\/wp-json\/wp\/v2\/media?parent=571"}],"wp:term":[{"taxonomy":"product_brand","embeddable":true,"href":"https:\/\/tsukisgarden.com\/index.php\/wp-json\/wp\/v2\/product_brand?post=571"},{"taxonomy":"product_cat","embeddable":true,"href":"https:\/\/tsukisgarden.com\/index.php\/wp-json\/wp\/v2\/product_cat?post=571"},{"taxonomy":"product_tag","embeddable":true,"href":"https:\/\/tsukisgarden.com\/index.php\/wp-json\/wp\/v2\/product_tag?post=571"}],"curies":[{"name":"wp","href":"https:\/\/api.w.org\/{rel}","templated":true}]}}