{"id":363,"date":"2020-03-10T21:16:55","date_gmt":"2020-03-10T21:16:55","guid":{"rendered":"https:\/\/demo.creativethemes.com\/blocksy\/modern-shop\/?page_id=3"},"modified":"2024-01-24T18:25:34","modified_gmt":"2024-01-25T00:25:34","slug":"politica-envio","status":"publish","type":"page","link":"https:\/\/tsukisgarden.com\/index.php\/politica-envio\/","title":{"rendered":"Pol\u00edticas de env\u00edo"},"content":{"rendered":"\n<p class=\"has-medium-font-size\"><strong>\u00bfC\u00f3mo realizo mi pedido?<\/strong><\/p>\n\n\n\n<p>Para realizar tu pedido debes de seguir los siguientes pasos:<br><br>1. Agrega los productos que necesitas a tu carrito de compra (en el carrito encuentras el espacio para las Notas Importantes).<\/p>\n\n\n\n<p>3. Verifica que se complete la selecci\u00f3n de los art\u00edculos que deseas.<strong> \u00a1Es muy importante que te asegures de seleccionar correctamente colores, tallas y cantidades!<\/strong><\/p>\n\n\n\n<p>4. Completa la informaci\u00f3n de envi\u00f3. Aseg\u00farate de colocar el n\u00famero de zona o el nombre del municipio correctamente.<\/p>\n\n\n\n<p>5. Selecciona el m\u00e9todo de pago que desees.<\/p>\n\n\n\n<p>6. Finaliza tu pedido.<\/p>\n\n\n\n<p><strong>IMPORTANTE:<\/strong> Recuerda colocar en la caja de Notas cualquier tipo de informaci\u00f3n que quieras hacernos saber.<\/p>\n\n\n\n<p class=\"has-medium-font-size\"><strong>\u00bfCu\u00e1l es el costo de env\u00edo?<\/strong><\/p>\n\n\n\n<ul class=\"wp-block-list\">\n<li><strong>Departamento:<\/strong> Q35 a Q60, dependiendo de la ubicaci\u00f3n. Se env\u00eda por medio de Forza.<\/li>\n<\/ul>\n\n\n\n<ul class=\"wp-block-list\">\n<li><strong>Capital:<\/strong> Q30 en zonas: 1, 2, 3, 4, 5, 6, 7, 8, 9, 10, 11, 12, 13, 14, 15, 16, 17, 18, 21.<\/li>\n<\/ul>\n\n\n\n<ul class=\"wp-block-list\">\n<li><strong>Aleda\u00f1os:<\/strong> Q40 en: Mixco, Villa Nueva, Villa Canales, San Miguel Petapa, Boca del Monte, Carretera a El Salvador, Carretera al Atl\u00e1ntico, zona 19.<\/li>\n<\/ul>\n\n\n\n<p class=\"has-medium-font-size\"><strong>\u00bfCu\u00e1nto tiempo tardar\u00e1 en llegar mi pedido?<\/strong><\/p>\n\n\n\n<ul class=\"wp-block-list\">\n<li><strong>Capital:<\/strong> La entrega se realiza en 1 a 2 d\u00edas h\u00e1biles, despu\u00e9s de haber finalizado tu pedido. En horario de 9:00 a 18:00 horas.<\/li>\n<\/ul>\n\n\n\n<ul class=\"wp-block-list\">\n<li><strong>Departamento:<\/strong> La entrega se realiza en 2 a 7 d\u00edas h\u00e1biles.<\/li>\n<\/ul>\n\n\n\n<p class=\"has-medium-font-size\"><strong>\u00bfQu\u00e9 m\u00e9todos de pago aceptan?<\/strong><\/p>\n\n\n\n<p><strong>Todo el pa\u00eds:<\/strong> Puedes realizar tu pago en efectivo al momento de recibir tu pedido o tambi\u00e9n puedes realizar tu pago con transferencia bancaria.<\/p>\n\n\n\n<p style=\"font-style:normal;font-weight:700\">IMPORTANTE:<\/p>\n\n\n\n<ul class=\"wp-block-list\">\n<li>Pagos con transferencias o dep\u00f3sitos. Son previos a la entrega de tu pedido.<\/li>\n<\/ul>\n\n\n\n<p class=\"has-medium-font-size\"><strong>\u00bfLas entregas son seguras?<\/strong><\/p>\n\n\n\n<p>Las entregas son <strong>100% seguras<\/strong>. SI no recibes tu paquete en el lapso estipulado de entrega, puedes comunicarte directamente a nuestras redes sociales. Con gusto verificaremos que sucedido con tu paquete y nos haremos responsable de este.<\/p>\n\n\n\n<p class=\"has-medium-font-size\"><strong>\u00bfTiene garant\u00eda?<\/strong><\/p>\n\n\n\n<p>Nuestros productos pasan por un estricto control de calidad, pero es muy importante que revises y pruebes el articulo adquirido en cuanto lo recibas o en cuanto tengas acceso a \u00e9l. Si el producto ha sido da\u00f1ado debido al uso inadecuado no podremos realizar cambios.<\/p>\n\n\n\n<p>Se realizara cambio \u00fanicamente si el producto tiene un defecto de fabrica y para solicitarlo, es importante seguir las siguientes instrucciones:<\/p>\n\n\n\n<ul class=\"wp-block-list\">\n<li>\u00danicamente se realizar\u00e1n cambios si el inconveniente es notificado <strong>m\u00e1ximo 2 d\u00edas despu\u00e9s<\/strong> de haber recibido t\u00fa pedido.<\/li>\n<\/ul>\n\n\n\n<ul class=\"wp-block-list\">\n<li>Debes enviar fotograf\u00eda o video mostrando la falla.<\/li>\n<\/ul>\n\n\n\n<ul class=\"wp-block-list\">\n<li>Env\u00eda el c\u00f3digo de tu paquete para poder ubicarlo y dar una soluci\u00f3n m\u00e1s r\u00e1pida.<\/li>\n<\/ul>\n\n\n\n<ul class=\"wp-block-list\">\n<li>Debes enviarnos fotograf\u00eda de como estar\u00edas entregando el paquete de vuelta a la mensajer\u00eda. Ya que necesitar\u00edamos registro de que el producto y empaque vendr\u00e1n completos y en buen estado.<\/li>\n<\/ul>\n\n\n\n<ul class=\"wp-block-list\">\n<li>No se realizar\u00e1n cambios, si el art\u00edculo se encuentra da\u00f1ado (manchado, roto, con olor inadecuado, etc.) o incompleto (falta de cables, cintas, etiquetas, cajas o bolsas).<\/li>\n<\/ul>\n","protected":false},"excerpt":{"rendered":"<p>\u00bfC\u00f3mo realizo mi pedido? Para realizar tu pedido debes de seguir los siguientes pasos: 1. Agrega los productos que necesitas a tu carrito de compra (en el carrito encuentras el espacio para las Notas Importantes). 3. Verifica que se complete la selecci\u00f3n de los art\u00edculos que deseas. \u00a1Es muy importante que te asegures de seleccionar [&hellip;]<\/p>\n","protected":false},"author":1,"featured_media":0,"parent":0,"menu_order":17,"comment_status":"closed","ping_status":"closed","template":"","meta":{"footnotes":""},"class_list":["post-363","page","type-page","status-publish","hentry"],"blocksy_meta":{"styles_descriptor":{"styles":{"desktop":"","tablet":"","mobile":""},"google_fonts":[],"version":6},"has_hero_section":"default","hero_elements":[{"id":"custom_title","enabled":true,"heading_tag":"h1","title":"Inicio","__id":"FLWj2K62wcmD1rND7d67f"},{"id":"custom_description","enabled":false,"description_visibility":{"desktop":true,"tablet":true,"mobile":false},"__id":"GpPTYiwJNsagHt82bs1cH"},{"id":"custom_meta","enabled":false,"meta_elements":[{"id":"author","enabled":true,"label":"Por","has_author_avatar":"yes","avatar_size":25},{"id":"post_date","enabled":true,"label":"El","date_format_source":"default","date_format":"M j, Y"},{"id":"updated_date","enabled":false,"label":"El","date_format_source":"default","date_format":"M j, Y"},{"id":"categories","enabled":false,"label":"En","style":"simple"},{"id":"comments","enabled":true}],"page_meta_elements":{"joined":true,"articles_count":true,"comments":true},"__id":"0nDcKdAlxb7xLx2H-Rcf9"},{"id":"breadcrumbs","enabled":false,"__id":"FGZd8sCWsfhFDR-2hsmUi"}]},"_links":{"self":[{"href":"https:\/\/tsukisgarden.com\/index.php\/wp-json\/wp\/v2\/pages\/363","targetHints":{"allow":["GET"]}}],"collection":[{"href":"https:\/\/tsukisgarden.com\/index.php\/wp-json\/wp\/v2\/pages"}],"about":[{"href":"https:\/\/tsukisgarden.com\/index.php\/wp-json\/wp\/v2\/types\/page"}],"author":[{"embeddable":true,"href":"https:\/\/tsukisgarden.com\/index.php\/wp-json\/wp\/v2\/users\/1"}],"replies":[{"embeddable":true,"href":"https:\/\/tsukisgarden.com\/index.php\/wp-json\/wp\/v2\/comments?post=363"}],"version-history":[{"count":2,"href":"https:\/\/tsukisgarden.com\/index.php\/wp-json\/wp\/v2\/pages\/363\/revisions"}],"predecessor-version":[{"id":1196,"href":"https:\/\/tsukisgarden.com\/index.php\/wp-json\/wp\/v2\/pages\/363\/revisions\/1196"}],"wp:attachment":[{"href":"https:\/\/tsukisgarden.com\/index.php\/wp-json\/wp\/v2\/media?parent=363"}],"curies":[{"name":"wp","href":"https:\/\/api.w.org\/{rel}","templated":true}]}}